{"id":102,"date":"2015-03-11T21:51:22","date_gmt":"2015-03-11T21:51:22","guid":{"rendered":"http:\/\/www.degoederaat.nl\/dir\/?page_id=102"},"modified":"2017-12-18T11:53:26","modified_gmt":"2017-12-18T11:53:26","slug":"de-korven","status":"publish","type":"page","link":"https:\/\/www.degoederaat.nl\/dir\/de-korven\/","title":{"rendered":"De korven"},"content":{"rendered":"<p><strong>De korven<\/strong><\/p>\n<p>De korven zijn gemaakt van roggestro en gebonden met dennenwortels of wikkelband van de rotanpalm. Enkele korven heb ik gevlochten met gespleten braamstengels of met gespleten wilgentwijgen.<\/p>\n<figure id=\"attachment_439\" aria-describedby=\"caption-attachment-439\" style=\"width: 300px\" class=\"wp-caption alignright\"><a href=\"http:\/\/www.degoederaat.nl\/dir\/wp-content\/uploads\/2015\/04\/L\u00fcneburger-St\u00fclper-met-dikkere-strowand-dan-andere-bijenkorven.jpg\"><img loading=\"lazy\" decoding=\"async\" class=\"wp-image-439 size-medium\" title=\"In deze korf heeft zeer korte tijd een moerloos volk gezeten, nog te zien aan het kleine witte stukje raat onderin de korf. Het volk heeft de drie aangeplakte stukjes kunstraat niet aangenomen als begin voor de ratenbouw.\" src=\"http:\/\/www.degoederaat.nl\/dir\/wp-content\/uploads\/2015\/04\/L\u00fcneburger-St\u00fclper-met-dikkere-strowand-dan-andere-bijenkorven-300x239.jpg\" alt=\"L\u00fcneburger St\u00fclper, stulpkorf, strowand,dennenwortels\" width=\"300\" height=\"239\" srcset=\"https:\/\/www.degoederaat.nl\/dir\/wp-content\/uploads\/2015\/04\/L\u00fcneburger-St\u00fclper-met-dikkere-strowand-dan-andere-bijenkorven-300x239.jpg 300w, https:\/\/www.degoederaat.nl\/dir\/wp-content\/uploads\/2015\/04\/L\u00fcneburger-St\u00fclper-met-dikkere-strowand-dan-andere-bijenkorven.jpg 422w\" sizes=\"auto, (max-width: 300px) 100vw, 300px\" \/><\/a><figcaption id=\"caption-attachment-439\" class=\"wp-caption-text\">L\u00fcneburger St\u00fclpers hebben een dikkere strowand dan andere korven, 5 tot 7 centimeter dik. Ook al zijn veel korfvlechters op het makkelijkere vlechtriet overgestapt, vaak is de onderrand nog met dennenwortels gebonden, dat is minder glad en het duurt langer voor dat deze is doorgesleten.<\/figcaption><\/figure>\n<p>Ik imker in hoofdzaak met 3 typen korven. Dat zijn:<\/p>\n<p>1 Zogenaamde <strong>ronde korven<\/strong>, de meesten hiervan zijn zogenaamde L\u00fcneburger St\u00fclpers. Dat zijn zeer dikwandige zware korven, met een hoog vlieggat. Ze zijn wat stomper dan onze typische Nederlandse korven. De duurzaamheid van deze korven is enorm, zeker als men ze consequent onderhoudt door kapotte bindingen te repareren en door ze regelmatig opnieuw in te smeren met weideboter, dat\u00a0is de<\/p>\n<figure id=\"attachment_72\" aria-describedby=\"caption-attachment-72\" style=\"width: 300px\" class=\"wp-caption alignleft\"><a href=\"http:\/\/www.degoederaat.nl\/dir\/wp-content\/uploads\/2015\/03\/Korbimkerei-mit-L\u00fcneburger-St\u00fclpern-und-Kanitzk\u00f6rbe.jpg\"><img loading=\"lazy\" decoding=\"async\" class=\"wp-image-72 size-medium\" title=\"De ronde korven, L\u00fcneburger St\u00fclpers hebben een hoogvlieggat, waardoor de bijen de honing vooral tegen de achterwand en aan de onderkant in de raten opslaan. Dat maakt het mogelijk eventueel ook honing te oogsten, zonder het broednest te verstoren\" src=\"http:\/\/www.degoederaat.nl\/dir\/wp-content\/uploads\/2015\/03\/Korbimkerei-mit-L\u00fcneburger-St\u00fclpern-und-Kanitzk\u00f6rbe-300x225.jpg\" alt=\"Ronde bijenkorven en Kanitzkorven tijdens de bloei van de heide\" width=\"300\" height=\"225\" \/><\/a><figcaption id=\"caption-attachment-72\" class=\"wp-caption-text\">Ronde korven en kanitzkorven met opzet(honingkamertje) voor de winning van heideraathoning tijdens de bloei van de heide<\/figcaption><\/figure>\n<p>bruine tot donkergroene pasteuze substantie die het charmante ranke koeienlichaam op een mooie zonnige voorjaarsdag in een weiland vol met pinkster- en paardenbloemen, onder haar staart naar beneden valt. De oudste korven van dit type in mijn bezit stammen uit de periode tussen 1800 en 1850. In deze korven maken de bijen hun raten helemaal zelf, de zogenaamde natuurlijke bouw.<\/p>\n<p>2 Zogenaamde <strong>Kanitzkorven<\/strong> uit de zuidelijke L\u00fcneburger Heide. Soms noem ik ze Hermannsburger Kanitzkorven, omdat ze allemaal uit de omgeving van het\u00a0dorp Hermannsburg komen. Dit zijn vierkante korven, waar tijdens de bloei van de heide een apart deel opgezet wordt, waaruit later de heideraathoning gewonnen wordt. Ook in deze korven verrichten de bijen hun ratenbouw zelf. Dit korftype bestaat sinds 1925 en de korven die ik gebruik, behalve de nieuwe die ik zelf gevlochten heb, zijn gemaakt tussen 1925 en 1955. Hieronder staat een filmpje opgenomen rond 1955 van een imker die met deze korven gewerkt heeft.<\/p>\n<p class=\"wpview-selection-before\"><a title=\"Friedrich Renner en zijn Hermannsburger Kanitzkorven\" href=\"&lt;div class=\" data-wpview-text=\"%5Bembed%5Dhttps%3A%2F%2Fyoutu.be%2FjNsDmZw6LIU%5B%2Fembed%5D\" data-wpview-type=\"embed\">\u00a0<\/a><\/p>\n<div class=\"wpview-body\" contenteditable=\"false\">\n<div class=\"toolbar mce-arrow-down\"><\/div>\n<div class=\"wpview-content wpview-type-embed\"><iframe loading=\"lazy\" src=\"https:\/\/www.youtube.com\/embed\/jNsDmZw6LIU?wmode=transparent&amp;rel=0\" width=\"330\" height=\"247\" frameborder=\"0\" allowfullscreen=\"allowfullscreen\"><\/iframe><\/div>\n<div class=\"wpview-overlay\"><\/div>\n<\/div>\n<p class=\"wpview-selection-after\"><a title=\"Friedrich Renner en zijn Hermannsburger Kanitzkorven\" href=\"&lt;div class=\" data-wpview-text=\"%5Bembed%5Dhttps%3A%2F%2Fyoutu.be%2FjNsDmZw6LIU%5B%2Fembed%5D\" data-wpview-type=\"embed\">\u00a0<\/a><\/p>\n<p>&nbsp;<\/p>\n<p>3 <strong>Kanitzkorven met raampjes<\/strong>, eigenlijk een model tussen kast en korf. Het vlechten van deze korf is zelfs korte tijd onderdeel van het lesplan geweest in de imkerschool in Celle.\u00a0 De korf is echter bedoeld om op dezelfde wijze mee te werken als met de klassieke ronde korven, namelijk inspectie van de korven en het bewerken van de volken door het snel kunnen omkeren van een korf en door het<a href=\"http:\/\/www.degoederaat.nl\/dir\/wp-content\/uploads\/2015\/03\/Kanitzkorven-uit-stro-met-houten-honingkamer-om-raathoning-mee-te-winnen.jpg\"><img loading=\"lazy\" decoding=\"async\" class=\"wp-image-305 size-medium alignright\" title=\"Deze Kanitzkorven hebben ook enkele jaren op het lesplan gestaan van de imkersschool in Celle\" src=\"http:\/\/www.degoederaat.nl\/dir\/wp-content\/uploads\/2015\/03\/Kanitzkorven-uit-stro-met-houten-honingkamer-om-raathoning-mee-te-winnen-300x225.jpg\" alt=\"Kanitzkorf met honingkamer\" width=\"300\" height=\"225\" srcset=\"https:\/\/www.degoederaat.nl\/dir\/wp-content\/uploads\/2015\/03\/Kanitzkorven-uit-stro-met-houten-honingkamer-om-raathoning-mee-te-winnen-300x225.jpg 300w, https:\/\/www.degoederaat.nl\/dir\/wp-content\/uploads\/2015\/03\/Kanitzkorven-uit-stro-met-houten-honingkamer-om-raathoning-mee-te-winnen.jpg 1024w\" sizes=\"auto, (max-width: 300px) 100vw, 300px\" \/><\/a><\/p>\n<p>Deze met verf aangestreken Kanitzkorven van stro, krijgen tijdens de bloei van de heide een houten honingkamertje opgezet, goed om maximaal 8 kilo heideraathoning mee te winnenaflaten komen van natuurlijke zwermen. Deze korven worden met kunstraten, eigenlijk kunstmatige middenwanden voor de raten uit bijenwas, uitgerust. Momenteel bezin ik me op een aanpassing van het model, want ik wil het liefste natuurlijke ratenbouw, fijner voor de bijen en fijner voor mij door de hogere netto opbrengst aan bijenwas. Deze korven worden aan de buitenkant beschilderd met waterverdunbare verf. Hoewel ik liever met weideboter werk, laat ik dit vooreerst zo, omdat het een mogelijkheid biedt tot een betere arbeidsverdeling gedurende het jaar. Het maakt nogal verschil of ik 200 korven meer of minder met weideboter moet insmeren, dat allemaal binnen een paar dagen eind april.<\/p>\n<p>Naast deze korven beschik ik over enkele Gravenhorster boogkorven, (met\u00a0dank aan Simon Swaerts), \u00a0Bisschopsmutsen en enkele originele Rotolaki&#8217;s. Deze modellen zullen tzt. in een aparte bijlage beschreven worden. Tot slot zijn er nog de zogenaamde werkkorven, die alleen tijdens bepaalde werkzaamheden gebruikt worden, zoals de botskorven of afstootkorven. Zie hiervoor onder het kopje <a href=\"http:\/\/www.degoederaat.nl\/dir\/het-werk-het-jaar-rond\/\">het werk het jaar rond<\/a><\/p>\n<p>wie zelf een bijenkorf wil leren vlechten en daarbij ook meer over de korfimkerij ervaart verwijs ik graag naar de\u00a0 <a href=\"http:\/\/www.degoederaat.nl\/dir\/agenda\/\">Agenda<\/a><\/p>\n","protected":false},"excerpt":{"rendered":"<p>De korven De korven zijn gemaakt van roggestro en gebonden met dennenwortels of wikkelband van de rotanpalm. Enkele korven heb ik gevlochten met gespleten braamstengels of met gespleten wilgentwijgen. Ik imker in hoofdzaak met 3 typen korven. Dat zijn: 1 Zogenaamde ronde korven, de meesten hiervan zijn zogenaamde L\u00fcneburger St\u00fclpers. Dat zijn zeer dikwandige zware &hellip; <a href=\"https:\/\/www.degoederaat.nl\/dir\/de-korven\/\" class=\"more-link\">Verder lezen <span class=\"screen-reader-text\">De korven<\/span><\/a><\/p>\n","protected":false},"author":1,"featured_media":0,"parent":0,"menu_order":0,"comment_status":"closed","ping_status":"open","template":"","meta":{"footnotes":""},"class_list":["post-102","page","type-page","status-publish","hentry"],"aioseo_notices":[],"_links":{"self":[{"href":"https:\/\/www.degoederaat.nl\/dir\/wp-json\/wp\/v2\/pages\/102","targetHints":{"allow":["GET"]}}],"collection":[{"href":"https:\/\/www.degoederaat.nl\/dir\/wp-json\/wp\/v2\/pages"}],"about":[{"href":"https:\/\/www.degoederaat.nl\/dir\/wp-json\/wp\/v2\/types\/page"}],"author":[{"embeddable":true,"href":"https:\/\/www.degoederaat.nl\/dir\/wp-json\/wp\/v2\/users\/1"}],"replies":[{"embeddable":true,"href":"https:\/\/www.degoederaat.nl\/dir\/wp-json\/wp\/v2\/comments?post=102"}],"version-history":[{"count":41,"href":"https:\/\/www.degoederaat.nl\/dir\/wp-json\/wp\/v2\/pages\/102\/revisions"}],"predecessor-version":[{"id":868,"href":"https:\/\/www.degoederaat.nl\/dir\/wp-json\/wp\/v2\/pages\/102\/revisions\/868"}],"wp:attachment":[{"href":"https:\/\/www.degoederaat.nl\/dir\/wp-json\/wp\/v2\/media?parent=102"}],"curies":[{"name":"wp","href":"https:\/\/api.w.org\/{rel}","templated":true}]}}