{"id":130,"date":"2015-03-12T20:27:08","date_gmt":"2015-03-12T20:27:08","guid":{"rendered":"http:\/\/www.degoederaat.nl\/dir\/?page_id=130"},"modified":"2015-08-25T13:47:49","modified_gmt":"2015-08-25T13:47:49","slug":"die-arbeit-im-jahreslauf","status":"publish","type":"page","link":"https:\/\/www.degoederaat.nl\/dir\/die-arbeit-im-jahreslauf\/","title":{"rendered":"Die Arbeit im Jahreslauf"},"content":{"rendered":"<p><iframe loading=\"lazy\" title=\"Swarmcatching board\" width=\"660\" height=\"371\" src=\"https:\/\/www.youtube.com\/embed\/Nt4tlfhVcL4?wmode=transparent&amp;rel=0&amp;feature=oembed\" frameborder=\"0\" allow=\"accelerometer; autoplay; clipboard-write; encrypted-media; gyroscope; picture-in-picture; web-share\" referrerpolicy=\"strict-origin-when-cross-origin\" allowfullscreen><\/iframe><\/p>\n<p>&nbsp;<\/p>\n<p>Im M\u00e4rz werden die V\u00f6lker in die Weidetracht gebracht. Die Weiden, Salix species, bekannt als Korbweide, Salweide\u00a0 Bruchweide,\u00a0Mandelweide usw, bringen die Bienen die erste ergiebige Tracht des Jahres und die Weidenpollen geh\u00f6ren zu den f\u00fcr den Bienen nahrhaftesten Pollenarten. In April und Mai werden die Korbv\u00f6lker zum Teil in den sgn Schwarmstand gebracht und teils weggebracht f\u00fcr die Best\u00e4ubung von Blaubeeren, \u00c4pfel und Birnen. Die Schw\u00e4rmerei f\u00e4ngt erst richtig an in Mai und dann gibt es jeden Tag Schwarmwache.<\/p>\n<figure id=\"attachment_180\" aria-describedby=\"caption-attachment-180\" style=\"width: 300px\" class=\"wp-caption alignright\"><a href=\"http:\/\/www.degoederaat.nl\/dir\/wp-content\/uploads\/2015\/03\/BILD0961-kopie.jpg\"><img loading=\"lazy\" decoding=\"async\" class=\"wp-image-180 size-medium\" title=\"Der Schwarmbeutel oder Schwarmfangbeutel hat am unteren Ende vier Ecken. Diese werden mit eisernen N\u00e4geln am Stroh festgesteckt. Bei den Vorschw\u00e4rmen ist man nie zu sp\u00e4t, weil die alte K\u00f6nigin erst nach 3 bis 7 Minuten herauskommt. Nachschwarmk\u00f6niginnen, junge K\u00f6niginne also, kommen oft schon mit den ersten Schwarmbienen heraus. Dann ist man oft zu sp\u00e4t mit dem Vorstecken der Beutel\" src=\"http:\/\/www.degoederaat.nl\/dir\/wp-content\/uploads\/2015\/03\/BILD0961-kopie-300x225.jpg\" alt=\"Zwermfuik,schwarmfangbeutel\" width=\"300\" height=\"225\" srcset=\"https:\/\/www.degoederaat.nl\/dir\/wp-content\/uploads\/2015\/03\/BILD0961-kopie-300x225.jpg 300w, https:\/\/www.degoederaat.nl\/dir\/wp-content\/uploads\/2015\/03\/BILD0961-kopie.jpg 448w\" sizes=\"auto, (max-width: 300px) 100vw, 300px\" \/><\/a><figcaption id=\"caption-attachment-180\" class=\"wp-caption-text\">Schwarmfangbeutel am Kanitzkorb<\/figcaption><\/figure>\n<p>An einem Tag werden bis zu 25 Schw\u00e4rme gefangen, aber is gibt auch langweilige Tage an denen vielleicht nur 3 Schw\u00e4rme kommen oder gar keine. Die Schw\u00e4rme werden alle mittels Schwarmfangbeutel am Flugloch abgefangen. F\u00fcr die einzelne Schw\u00e4rme die nicht in den Beutel gefangen werden, h\u00e4ngen im Gel\u00e4nde spezielle Schwarmf\u00e4nger mit Lockmitteln. Ein paar Ausschnitte von einem Schwarmtag in Juni sehen sie<br \/>\nin diesem <a href=\"http:\/\/www.degoederaat.nl\/dir\/eindrucke-von-einem-schwarmtag-in-juni\/\">Video<\/a> (2 Minuten)<br \/>\n<figure id=\"attachment_181\" aria-describedby=\"caption-attachment-181\" style=\"width: 256px\" class=\"wp-caption alignleft\"><a href=\"http:\/\/www.degoederaat.nl\/dir\/wp-content\/uploads\/2015\/03\/Schw\u00e4rmfanger-1-kopie.jpg\"><img loading=\"lazy\" decoding=\"async\" class=\"wp-image-181 size-medium\" title=\"Der Schwarmf\u00e4nger, ein Brett mit Eichenrinde benagelt, muss jeden Tag erneut mit Gras oder Zitronenmelisse eingerieben werden. Auch ist es gut den Schwarmf\u00e4nger, an heissen Tagen, kurz vor Schwarmbeginn mit Wasser durchnass zu machen, damit die erhitzte Schwarmbienen einen k\u00fchlen Rastplatz finden\" src=\"http:\/\/www.degoederaat.nl\/dir\/wp-content\/uploads\/2015\/03\/Schw\u00e4rmfanger-1-kopie-256x300.jpg\" alt=\"Schwarmf\u00e4nger im Einsatz\" width=\"256\" height=\"300\" srcset=\"https:\/\/www.degoederaat.nl\/dir\/wp-content\/uploads\/2015\/03\/Schw\u00e4rmfanger-1-kopie-256x300.jpg 256w, https:\/\/www.degoederaat.nl\/dir\/wp-content\/uploads\/2015\/03\/Schw\u00e4rmfanger-1-kopie.jpg 336w\" sizes=\"auto, (max-width: 256px) 100vw, 256px\" \/><\/a><figcaption id=\"caption-attachment-181\" class=\"wp-caption-text\">Schwarmf\u00e4nger mit einem Schwarm<\/figcaption><\/figure><\/p>\n<p>Die V\u00f6lker die Best\u00e4ubungsarbeit leisten m\u00fcssen, werden morgens sehr fr\u00fch, kontrolliert und ggf, wenn Schwarmgefahr vorhanden, umget\u00e4uscht f\u00fcr andere Bienenv\u00f6lker. In Juni f\u00e4ngen manche von den jungen neuen V\u00f6lkern an,(die hiesen vor 4 bis 6 Wochen noch Schw\u00e4rme) , erneut zu schw\u00e4rmen. Um dies zu verhindern werden diese V\u00f6lker durch abtrommeln oder abjagen,\u00a0 oder durch Feglinge geteilt und geschw\u00e4cht. Wie sch\u00f6n und gut die nat\u00fcrliche Schw\u00e4rmerei auch sein mag, nochmals 4 oder 6 Wochen Schwarmwache h\u00e4lte ich nicht aus. Im folgenden Video mit Bienen in K\u00f6rben aus Kork, sieht man wie das Abtrommeln funktioniert und den Fachman unter euch,\u00a0darf es klar sein, dass ich, wie hier gezeigt, dass sgn offene Abtrommeln bevorz\u00fcge. Allerdings, trommeln wir nur ab mit blossen H\u00e4nden, damit die K\u00f6rbe nicht gesch\u00e4digt werden. Hab geduld erst ab 5 oder 6 Minuten geht es richtig los.<\/p>\n<p class=\"wpview-selection-before\"><a title=\"Abtrommeln von Bienen aus Bienenk\u00f6rbe aus Kork\" href=\"&lt;div class=\" data-wpview-type=\"embed\" data-wpview-text=\"%5Bembed%5Dhttps%3A%2F%2Fyoutu.be%2FYJDOLxvHr2s%5B%2Fembed%5D\">\u00a0<\/a><\/p>\n<div class=\"wpview-body\" contenteditable=\"false\">\n<div class=\"toolbar mce-arrow-down\"><\/div>\n<div class=\"wpview-content wpview-type-embed\"><iframe loading=\"lazy\" src=\"https:\/\/www.youtube.com\/embed\/YJDOLxvHr2s?wmode=transparent&amp;rel=0\" width=\"300\" height=\"225\" frameborder=\"0\" allowfullscreen=\"allowfullscreen\"><\/iframe><\/div>\n<div class=\"wpview-overlay\"><\/div>\n<\/div>\n<p class=\"wpview-selection-after\"><a title=\"Abtrommeln von Bienen aus Bienenk\u00f6rbe aus Kork\" href=\"&lt;div class=\" data-wpview-type=\"embed\" data-wpview-text=\"%5Bembed%5Dhttps%3A%2F%2Fyoutu.be%2FYJDOLxvHr2s%5B%2Fembed%5D\">\u00a0<\/a><\/p>\n<p>&nbsp;<\/p>\n<figure id=\"attachment_388\" aria-describedby=\"caption-attachment-388\" style=\"width: 300px\" class=\"wp-caption alignright\"><a href=\"http:\/\/www.degoederaat.nl\/dir\/wp-content\/uploads\/2015\/03\/Roggenstroh-zum-Bienenkorbflechten-soll-vorzugsweise-um-den-20-Juli-gem\u00e4ht-sein.jpg\"><img loading=\"lazy\" decoding=\"async\" class=\"wp-image-388 size-medium\" title=\"Der Roggenstroh war hier eigentlich schon zu geil. Roggenstroh zum Bienenkorb flechten, soll auf mageren Boden wachsen und Konkurrenz mit Kr\u00e4uter wie Kornblumen, Kwekken usw, ist g\u00fcnstig.\" src=\"http:\/\/www.degoederaat.nl\/dir\/wp-content\/uploads\/2015\/03\/Roggenstroh-zum-Bienenkorbflechten-soll-vorzugsweise-um-den-20-Juli-gem\u00e4ht-sein-300x225.jpg\" alt=\"Roggenstroh, Strohkorb, Bienenkorb\" width=\"300\" height=\"225\" srcset=\"https:\/\/www.degoederaat.nl\/dir\/wp-content\/uploads\/2015\/03\/Roggenstroh-zum-Bienenkorbflechten-soll-vorzugsweise-um-den-20-Juli-gem\u00e4ht-sein-300x225.jpg 300w, https:\/\/www.degoederaat.nl\/dir\/wp-content\/uploads\/2015\/03\/Roggenstroh-zum-Bienenkorbflechten-soll-vorzugsweise-um-den-20-Juli-gem\u00e4ht-sein.jpg 448w\" sizes=\"auto, (max-width: 300px) 100vw, 300px\" \/><\/a><figcaption id=\"caption-attachment-388\" class=\"wp-caption-text\">Sommerarbeit um den 20. Juli. Als die Gr\u00fcnreife in die Gelbreife \u00fcbergeht soll die Rogge gem\u00e4ht und in Garben zum Nachtrocknen aufgestellt werden. Heutzutage wird mit der Ernte gewartet bis Kornreife. Dann ist das Stroh zum Bienenkorbflechten weniger wertvoll, weil spr\u00fcder<\/figcaption><\/figure>\n<p>In Juli ist die richtige Pflege der V\u00f6lker, die jetzt \u00fcber so viel m\u00f6glich St\u00e4nde verteilt sind, das wichtigste. Durch die Verteilung \u00fcber mehrere St\u00e4nde wird die Tracht besser gen\u00fctzt und Konkurrenz vermieden. Die V\u00f6lker, die entweder durch die Schw\u00e4rmerei geschwacht sind, oder selbst als kleine Schw\u00e4rme angefangen haben, m\u00fcssen Anfang August ihre maximale Volksst\u00e4rke erreichen, damit die Sp\u00e4ttracht, das ist die Heidebl\u00fcte, voll ausgenutzt werden kann. In August geht es dann in die Heide. Wenn nicht vertrocknet oder angefrissen von K\u00e4fern, kann die Heide reichlich Nectar spenden. In der Heide bleiben die K\u00f6rben bis halb September. Dann folgt die Auslese, zweidrittel bis dreiviertel der V\u00f6lker (weniger aber als die Heide nicht gut gehonigt hat) werden aus ihren K\u00f6rben gestossen und die K\u00f6rben werden ausgebrochen. Bei allen V\u00f6lkern, egal ob abgeerntet oder als neues Standvolk gesparrt geblieben, werden die Aufs\u00e4tze mit dem Heidescheibenhonig abgenommen. Die Bienen aus den abgeernteten V\u00f6lkern, werden vereinigt als neue V\u00f6lker aufgef\u00fcttert, oder verkauft oder anderen V\u00f6lkern zugef\u00fchrt. In Oktober werden die ausgebrochenen Waben ausgepresst damit Waben (Wachs) und Honig getrennt werden. Der Presshonig ist besonders nahrhaft, weil beim Pressen viel Pollen durch den Honig gemisscht wird. Wachs\u00a0 wird am kalten Tagen umgeschmolzen, weil die Bienen dann nicht fliegen und vom Geruch angezogen in der heissen Masse ertrinken.<\/p>\n<figure id=\"attachment_424\" aria-describedby=\"caption-attachment-424\" style=\"width: 300px\" class=\"wp-caption alignleft\"><a href=\"http:\/\/www.degoederaat.nl\/dir\/wp-content\/uploads\/2015\/04\/Kleiner-Lagd-oder-Immentun-im-Winter.jpg\"><img loading=\"lazy\" decoding=\"async\" class=\"wp-image-424 size-medium\" title=\"Die leeren K\u00f6rbe, (im Winter sind die meisten leer) werden immer liegend gelagert, damit M\u00e4use keinen gesch\u00fctzten Raum zum Nisten vorfinden, \" src=\"http:\/\/www.degoederaat.nl\/dir\/wp-content\/uploads\/2015\/04\/Kleiner-Lagd-oder-Immentun-im-Winter-300x225.jpg\" alt=\"Immentun,Bienenzaun, Bienenstand, Bienenk\u00f6rbe\" width=\"300\" height=\"225\" srcset=\"https:\/\/www.degoederaat.nl\/dir\/wp-content\/uploads\/2015\/04\/Kleiner-Lagd-oder-Immentun-im-Winter-300x225.jpg 300w, https:\/\/www.degoederaat.nl\/dir\/wp-content\/uploads\/2015\/04\/Kleiner-Lagd-oder-Immentun-im-Winter.jpg 448w\" sizes=\"auto, (max-width: 300px) 100vw, 300px\" \/><\/a><figcaption id=\"caption-attachment-424\" class=\"wp-caption-text\">Bei Mangel an Lagerraum sind hier die leeren K\u00f6rbe im kleinen Bienenzaun bei meinen Eltern im Garten, vor dem Haus der Nachbarn auf der Seite mit der \u00d6ffnung nach vorne gelegt.<\/figcaption><\/figure>\n<p>Bis zum n\u00e4chsten April gibt es zwar sehr viel Arbeit, aber die Bienen bestimmen den Termin nicht sodass es sogar einen Ruhetag gibt. Hauptaufgaben sind Honigverkauf, Plege der K\u00f6rben, Wachsgewinnung, neue K\u00f6rbe flechten,, Reinigung der K\u00f6rbe und viel mehr. Ist die Innenarbeit zu langweilig, suche ich im Wald nach Wurzeln zum Bienenkorb flechten.<\/p>\n","protected":false},"excerpt":{"rendered":"<p>&nbsp; Im M\u00e4rz werden die V\u00f6lker in die Weidetracht gebracht. Die Weiden, Salix species, bekannt als Korbweide, Salweide\u00a0 Bruchweide,\u00a0Mandelweide usw, bringen die Bienen die erste ergiebige Tracht des Jahres und die Weidenpollen geh\u00f6ren zu den f\u00fcr den Bienen nahrhaftesten Pollenarten. In April und Mai werden die Korbv\u00f6lker zum Teil in den sgn Schwarmstand gebracht und &hellip; <a href=\"https:\/\/www.degoederaat.nl\/dir\/die-arbeit-im-jahreslauf\/\" class=\"more-link\">Verder lezen <span class=\"screen-reader-text\">Die Arbeit im Jahreslauf<\/span><\/a><\/p>\n","protected":false},"author":1,"featured_media":0,"parent":0,"menu_order":0,"comment_status":"closed","ping_status":"closed","template":"","meta":{"footnotes":""},"class_list":["post-130","page","type-page","status-publish","hentry"],"aioseo_notices":[],"_links":{"self":[{"href":"https:\/\/www.degoederaat.nl\/dir\/wp-json\/wp\/v2\/pages\/130","targetHints":{"allow":["GET"]}}],"collection":[{"href":"https:\/\/www.degoederaat.nl\/dir\/wp-json\/wp\/v2\/pages"}],"about":[{"href":"https:\/\/www.degoederaat.nl\/dir\/wp-json\/wp\/v2\/types\/page"}],"author":[{"embeddable":true,"href":"https:\/\/www.degoederaat.nl\/dir\/wp-json\/wp\/v2\/users\/1"}],"replies":[{"embeddable":true,"href":"https:\/\/www.degoederaat.nl\/dir\/wp-json\/wp\/v2\/comments?post=130"}],"version-history":[{"count":39,"href":"https:\/\/www.degoederaat.nl\/dir\/wp-json\/wp\/v2\/pages\/130\/revisions"}],"predecessor-version":[{"id":687,"href":"https:\/\/www.degoederaat.nl\/dir\/wp-json\/wp\/v2\/pages\/130\/revisions\/687"}],"wp:attachment":[{"href":"https:\/\/www.degoederaat.nl\/dir\/wp-json\/wp\/v2\/media?parent=130"}],"curies":[{"name":"wp","href":"https:\/\/api.w.org\/{rel}","templated":true}]}}