{"id":143,"date":"2015-03-13T08:18:47","date_gmt":"2015-03-13T08:18:47","guid":{"rendered":"http:\/\/www.degoederaat.nl\/dir\/?page_id=143"},"modified":"2023-07-01T13:42:47","modified_gmt":"2023-07-01T13:42:47","slug":"bienenverkauf","status":"publish","type":"page","link":"https:\/\/www.degoederaat.nl\/dir\/bienenverkauf\/","title":{"rendered":"Bienenverkauf"},"content":{"rendered":"<p>In den Monaten Mai und Juni gibt es Schw\u00e4rme abzugeben, gelegenlich sogar noch in Juli. Diese Schw\u00e4rme k\u00f6nnen sowohl mit junger unbegatteten K\u00f6nigin, ein Nachschwarm also\u00a0, oder\u00a0mit einer alten begatteten K\u00f6nigin sein, ein Vorschwarm oder Heideschwarm.<\/p>\n<p>Von etwa 15 September bis die dritte Oktoberwoche, gibt es den Verkauf von nakten V\u00f6lkern, das sind V\u00f6lker ohne Wabenbau und ohne Korb, also wie Schw\u00e4rme, aber meist zusammengestellt aus mehreren V\u00f6lkern, wobei die beste K\u00f6niginnen in die neuen V\u00f6lker kommen und die mangelhaften ausgeschieden werden.<\/p>\n<p>F\u00fcr Bestellungen oder weitere Ausk\u00fcnfte <a title=\"Contact\" href=\"http:\/\/www.degoederaat.nl\/dir\/contact\/\" target=\"_blank\" rel=\"noopener\">rufen Sie\u00a0\u00a0an<\/a><\/p>\n","protected":false},"excerpt":{"rendered":"<p>In den Monaten Mai und Juni gibt es Schw\u00e4rme abzugeben, gelegenlich sogar noch in Juli. Diese Schw\u00e4rme k\u00f6nnen sowohl mit junger unbegatteten K\u00f6nigin, ein Nachschwarm also\u00a0, oder\u00a0mit einer alten begatteten K\u00f6nigin sein, ein Vorschwarm oder Heideschwarm. Von etwa 15 September bis die dritte Oktoberwoche, gibt es den Verkauf von nakten V\u00f6lkern, das sind V\u00f6lker ohne &hellip; <a href=\"https:\/\/www.degoederaat.nl\/dir\/bienenverkauf\/\" class=\"more-link\">Verder lezen <span class=\"screen-reader-text\">Bienenverkauf<\/span><\/a><\/p>\n","protected":false},"author":1,"featured_media":0,"parent":0,"menu_order":0,"comment_status":"closed","ping_status":"closed","template":"","meta":{"footnotes":""},"class_list":["post-143","page","type-page","status-publish","hentry"],"aioseo_notices":[],"_links":{"self":[{"href":"https:\/\/www.degoederaat.nl\/dir\/wp-json\/wp\/v2\/pages\/143","targetHints":{"allow":["GET"]}}],"collection":[{"href":"https:\/\/www.degoederaat.nl\/dir\/wp-json\/wp\/v2\/pages"}],"about":[{"href":"https:\/\/www.degoederaat.nl\/dir\/wp-json\/wp\/v2\/types\/page"}],"author":[{"embeddable":true,"href":"https:\/\/www.degoederaat.nl\/dir\/wp-json\/wp\/v2\/users\/1"}],"replies":[{"embeddable":true,"href":"https:\/\/www.degoederaat.nl\/dir\/wp-json\/wp\/v2\/comments?post=143"}],"version-history":[{"count":6,"href":"https:\/\/www.degoederaat.nl\/dir\/wp-json\/wp\/v2\/pages\/143\/revisions"}],"predecessor-version":[{"id":1072,"href":"https:\/\/www.degoederaat.nl\/dir\/wp-json\/wp\/v2\/pages\/143\/revisions\/1072"}],"wp:attachment":[{"href":"https:\/\/www.degoederaat.nl\/dir\/wp-json\/wp\/v2\/media?parent=143"}],"curies":[{"name":"wp","href":"https:\/\/api.w.org\/{rel}","templated":true}]}}