{"id":17,"date":"2015-03-10T21:33:04","date_gmt":"2015-03-10T21:33:04","guid":{"rendered":"http:\/\/www.degoederaat.nl\/dir\/?page_id=17"},"modified":"2023-10-03T09:33:50","modified_gmt":"2023-10-03T09:33:50","slug":"deutsch","status":"publish","type":"page","link":"https:\/\/www.degoederaat.nl\/dir\/deutsch\/","title":{"rendered":"Deutsch"},"content":{"rendered":"<p><strong>Korbimkerei<\/strong><\/p>\n<p>In 2004 habe ich angefangen meine Kastenimkerei in eine Korbimkerei zu<\/p>\n<figure id=\"attachment_258\" aria-describedby=\"caption-attachment-258\" style=\"width: 300px\" class=\"wp-caption alignright\"><a href=\"http:\/\/www.degoederaat.nl\/dir\/wp-content\/uploads\/2015\/03\/Korb-und-Heideimkerei-Waben-bis-unten-ausgebaut-und-gef\u00fcllt-mit-Heidehonig.jpg\"><img loading=\"lazy\" decoding=\"async\" class=\"wp-image-258 size-medium\" title=\"Korb von unten, Waben gef\u00fcllt mit Heidehonig und von Bienen belagert\" src=\"http:\/\/www.degoederaat.nl\/dir\/wp-content\/uploads\/2015\/03\/Korb-und-Heideimkerei-Waben-bis-unten-ausgebaut-und-gef\u00fcllt-mit-Heidehonig-300x200.jpg\" alt=\"Ausgebauter Korb mit Heidehonig\" width=\"300\" height=\"200\" srcset=\"https:\/\/www.degoederaat.nl\/dir\/wp-content\/uploads\/2015\/03\/Korb-und-Heideimkerei-Waben-bis-unten-ausgebaut-und-gef\u00fcllt-mit-Heidehonig-300x200.jpg 300w, https:\/\/www.degoederaat.nl\/dir\/wp-content\/uploads\/2015\/03\/Korb-und-Heideimkerei-Waben-bis-unten-ausgebaut-und-gef\u00fcllt-mit-Heidehonig.jpg 448w\" sizes=\"auto, (max-width: 300px) 100vw, 300px\" \/><\/a><figcaption id=\"caption-attachment-258\" class=\"wp-caption-text\">W\u00e4hrend der Heidebl\u00fcte sind die Waben bis unten ausgebaut und gef\u00fcllt mit Heidehonig, Bild Henk Nijman<\/figcaption><\/figure>\n<p>verwandeln, anfangs nur mit L\u00fcneburger St\u00fclpern. Angefangen habe ich mit 3 erkrankten V\u00f6lkern. Jetzt habe ich im Sommer etwa 300 Bienenv\u00f6lker in Strohk\u00f6rben, teils in den altbekannten runden St\u00fclpern (L\u00fcneburger St\u00fclper) und teils in den &#8220;moderneren&#8221; Kanitzk\u00f6rben&#8221;. Auf den nachfolgenden Seiten werde ich Sie weiter in meinen Imkerei einf\u00fchren.<\/p>\n<p>Rob van Hernen<\/p>\n<p>Weiter nach &#8220;<a href=\"http:\/\/www.degoederaat.nl\/dir\/warum-korbimkerei\/\">Warum Korbimkerei<\/a>&#8220;<\/p>\n","protected":false},"excerpt":{"rendered":"<p>Korbimkerei In 2004 habe ich angefangen meine Kastenimkerei in eine Korbimkerei zu verwandeln, anfangs nur mit L\u00fcneburger St\u00fclpern. Angefangen habe ich mit 3 erkrankten V\u00f6lkern. Jetzt habe ich im Sommer etwa 300 Bienenv\u00f6lker in Strohk\u00f6rben, teils in den altbekannten runden St\u00fclpern (L\u00fcneburger St\u00fclper) und teils in den &#8220;moderneren&#8221; Kanitzk\u00f6rben&#8221;. Auf den nachfolgenden Seiten werde ich &hellip; <a href=\"https:\/\/www.degoederaat.nl\/dir\/deutsch\/\" class=\"more-link\">Verder lezen <span class=\"screen-reader-text\">Deutsch<\/span><\/a><\/p>\n","protected":false},"author":1,"featured_media":0,"parent":0,"menu_order":0,"comment_status":"closed","ping_status":"closed","template":"","meta":{"footnotes":""},"class_list":["post-17","page","type-page","status-publish","hentry"],"aioseo_notices":[],"_links":{"self":[{"href":"https:\/\/www.degoederaat.nl\/dir\/wp-json\/wp\/v2\/pages\/17","targetHints":{"allow":["GET"]}}],"collection":[{"href":"https:\/\/www.degoederaat.nl\/dir\/wp-json\/wp\/v2\/pages"}],"about":[{"href":"https:\/\/www.degoederaat.nl\/dir\/wp-json\/wp\/v2\/types\/page"}],"author":[{"embeddable":true,"href":"https:\/\/www.degoederaat.nl\/dir\/wp-json\/wp\/v2\/users\/1"}],"replies":[{"embeddable":true,"href":"https:\/\/www.degoederaat.nl\/dir\/wp-json\/wp\/v2\/comments?post=17"}],"version-history":[{"count":18,"href":"https:\/\/www.degoederaat.nl\/dir\/wp-json\/wp\/v2\/pages\/17\/revisions"}],"predecessor-version":[{"id":1075,"href":"https:\/\/www.degoederaat.nl\/dir\/wp-json\/wp\/v2\/pages\/17\/revisions\/1075"}],"wp:attachment":[{"href":"https:\/\/www.degoederaat.nl\/dir\/wp-json\/wp\/v2\/media?parent=17"}],"curies":[{"name":"wp","href":"https:\/\/api.w.org\/{rel}","templated":true}]}}