{"id":58,"date":"2015-03-11T10:54:53","date_gmt":"2015-03-11T10:54:53","guid":{"rendered":"http:\/\/www.degoederaat.nl\/dir\/?page_id=58"},"modified":"2017-12-08T08:43:48","modified_gmt":"2017-12-08T08:43:48","slug":"die-einfache-prinzipien-der-korbimkerei","status":"publish","type":"page","link":"https:\/\/www.degoederaat.nl\/dir\/die-einfache-prinzipien-der-korbimkerei\/","title":{"rendered":"Die einfache Prinzipien der Korbimkerei"},"content":{"rendered":"<p><strong>Die einfache Prinzipien der Korbimkerei<\/strong><\/p>\n<p>Korbimkerei heisst nat\u00fcrliche Vermehrung der Bienenv\u00f6lker &#8211;\u00a0in Gegensatz zu der modernen Imkerei in Kisten oder Kasten.<br \/>\nDie sgn nat\u00fcrliche Wabenbau h\u00f6rt auch zur Korbimkerei, im Gegensatz zur modernen Imkerei wo man die Bienen\u00a0 k\u00fcnstliche Mittelw\u00e4nde f\u00fcr die Waben gibt.<\/p>\n<p>Die Winterv\u00f6lker, auch Standstocken oder Standbienen genannt, werden durch Schw\u00e4rme bis auf das vierfache vermehrt. Der im Fr\u00fchling und Sommer gesammelten Honig wird nicht geerntet, sondern bleibt den Bienen weitgehend als Nahrung erhalten. Im Herbst aber werden die V\u00f6lker abgeerntet und ihr Anzahl wieder auf die ursprungliche V\u00f6lkerzahl zur\u00fcck gebracht.\u00a0 Im Vergleich mit moderner Imkerei wird pro Volk zwar weniger Honig geerntet, aber der Honig ist besser und die V\u00f6lker bleiben gesunder, dank st\u00e4ndiger starken Verj\u00fcngung und Auslese.<\/p>\n<p>weiter zu <a href=\"http:\/\/www.degoederaat.nl\/dir\/die-korben\/\">&#8220;die K\u00f6rbe&#8221;<\/a><\/p>\n","protected":false},"excerpt":{"rendered":"<p>Die einfache Prinzipien der Korbimkerei Korbimkerei heisst nat\u00fcrliche Vermehrung der Bienenv\u00f6lker &#8211;\u00a0in Gegensatz zu der modernen Imkerei in Kisten oder Kasten. Die sgn nat\u00fcrliche Wabenbau h\u00f6rt auch zur Korbimkerei, im Gegensatz zur modernen Imkerei wo man die Bienen\u00a0 k\u00fcnstliche Mittelw\u00e4nde f\u00fcr die Waben gibt. Die Winterv\u00f6lker, auch Standstocken oder Standbienen genannt, werden durch Schw\u00e4rme bis &hellip; <a href=\"https:\/\/www.degoederaat.nl\/dir\/die-einfache-prinzipien-der-korbimkerei\/\" class=\"more-link\">Verder lezen <span class=\"screen-reader-text\">Die einfache Prinzipien der Korbimkerei<\/span><\/a><\/p>\n","protected":false},"author":1,"featured_media":0,"parent":0,"menu_order":0,"comment_status":"closed","ping_status":"closed","template":"","meta":{"footnotes":""},"class_list":["post-58","page","type-page","status-publish","hentry"],"aioseo_notices":[],"_links":{"self":[{"href":"https:\/\/www.degoederaat.nl\/dir\/wp-json\/wp\/v2\/pages\/58","targetHints":{"allow":["GET"]}}],"collection":[{"href":"https:\/\/www.degoederaat.nl\/dir\/wp-json\/wp\/v2\/pages"}],"about":[{"href":"https:\/\/www.degoederaat.nl\/dir\/wp-json\/wp\/v2\/types\/page"}],"author":[{"embeddable":true,"href":"https:\/\/www.degoederaat.nl\/dir\/wp-json\/wp\/v2\/users\/1"}],"replies":[{"embeddable":true,"href":"https:\/\/www.degoederaat.nl\/dir\/wp-json\/wp\/v2\/comments?post=58"}],"version-history":[{"count":10,"href":"https:\/\/www.degoederaat.nl\/dir\/wp-json\/wp\/v2\/pages\/58\/revisions"}],"predecessor-version":[{"id":818,"href":"https:\/\/www.degoederaat.nl\/dir\/wp-json\/wp\/v2\/pages\/58\/revisions\/818"}],"wp:attachment":[{"href":"https:\/\/www.degoederaat.nl\/dir\/wp-json\/wp\/v2\/media?parent=58"}],"curies":[{"name":"wp","href":"https:\/\/api.w.org\/{rel}","templated":true}]}}