{"id":61,"date":"2015-03-11T10:55:33","date_gmt":"2015-03-11T10:55:33","guid":{"rendered":"http:\/\/www.degoederaat.nl\/dir\/?page_id=61"},"modified":"2017-12-08T08:52:20","modified_gmt":"2017-12-08T08:52:20","slug":"die-bienen","status":"publish","type":"page","link":"https:\/\/www.degoederaat.nl\/dir\/die-bienen\/","title":{"rendered":"Die Bienen"},"content":{"rendered":"<p><strong>Die Bienen<\/strong><\/p>\n<p>Meine Bienen stammen von den ursprunglichen heimischen schwarzen Bienen, so wie sie in 1977 waren als ich mit der Imkerei angefangen habe. Unvermeidbar hat sich da ein wenig vom Carnica und Buckfastbienenblut hineingemisscht, und sp\u00e4ter sind von mir erneut schwarze Bienen unterschiedlicher Herkunfte zugef\u00fchrt worden.<\/p>\n<p>Obschon ich die Schwarzen immer bevorz\u00fcge weil ich diese Tierchen liebe, kann ich\u00a0nicht gut gedeihende Bienen ausmerzen einfach weil diese eine andere Farbe haben. Meine Kinder bringe ich auch nicht um weil die nicht reinrassig sein sollten.<\/p>\n<p>Das bedeutet nicht dass ich keine Z\u00fcchtarbeit mag. Dar\u00fcber k\u00f6nnen Sie mehr erfahren in <em>Bemerkungen \u00fcber Zucht. <\/em><\/p>\n<p>Im kurzen lassen meine Bienen sich wie folgt beschreiben:<\/p>\n<p>Mittelstark br\u00fctende, langlebige Bienen, nicht Schwarmtr\u00e4ge obschon jedes Jahr ein paar Schwarmtr\u00e4ge V\u00f6lker dabei sind, Drohnenerzeugung auch bei Jungk\u00f6niginnen, sehr geringer Futterverbrauch im Winter, nicht Wabenstetig, nicht aggressif sondern sanftm\u00fctig bis normal defensiv. Sie k\u00f6nnen auf Heidehonig problemlos \u00fcberwintern und produzieren besseren Heidehonig, Die K\u00f6niginnen sind meist schwarz oder haben braune Ecken am Hinterleib, die Arbeiterinnen sind schwarz mit braunen Haren, oder sind mit Italiener-Farbe angestrichen. Die Drohnen haben immer ein schwarzes Chitinpanzer, mit braunen Haren.<\/p>\n<p>weiter zu <a href=\"http:\/\/www.degoederaat.nl\/dir\/bemerkungen-uber-zucht\/\">Bemerkungen \u00fcber Zucht<\/a><\/p>\n","protected":false},"excerpt":{"rendered":"<p>Die Bienen Meine Bienen stammen von den ursprunglichen heimischen schwarzen Bienen, so wie sie in 1977 waren als ich mit der Imkerei angefangen habe. Unvermeidbar hat sich da ein wenig vom Carnica und Buckfastbienenblut hineingemisscht, und sp\u00e4ter sind von mir erneut schwarze Bienen unterschiedlicher Herkunfte zugef\u00fchrt worden. Obschon ich die Schwarzen immer bevorz\u00fcge weil ich &hellip; <a href=\"https:\/\/www.degoederaat.nl\/dir\/die-bienen\/\" class=\"more-link\">Verder lezen <span class=\"screen-reader-text\">Die Bienen<\/span><\/a><\/p>\n","protected":false},"author":1,"featured_media":0,"parent":0,"menu_order":0,"comment_status":"closed","ping_status":"closed","template":"","meta":{"footnotes":""},"class_list":["post-61","page","type-page","status-publish","hentry"],"aioseo_notices":[],"_links":{"self":[{"href":"https:\/\/www.degoederaat.nl\/dir\/wp-json\/wp\/v2\/pages\/61","targetHints":{"allow":["GET"]}}],"collection":[{"href":"https:\/\/www.degoederaat.nl\/dir\/wp-json\/wp\/v2\/pages"}],"about":[{"href":"https:\/\/www.degoederaat.nl\/dir\/wp-json\/wp\/v2\/types\/page"}],"author":[{"embeddable":true,"href":"https:\/\/www.degoederaat.nl\/dir\/wp-json\/wp\/v2\/users\/1"}],"replies":[{"embeddable":true,"href":"https:\/\/www.degoederaat.nl\/dir\/wp-json\/wp\/v2\/comments?post=61"}],"version-history":[{"count":8,"href":"https:\/\/www.degoederaat.nl\/dir\/wp-json\/wp\/v2\/pages\/61\/revisions"}],"predecessor-version":[{"id":822,"href":"https:\/\/www.degoederaat.nl\/dir\/wp-json\/wp\/v2\/pages\/61\/revisions\/822"}],"wp:attachment":[{"href":"https:\/\/www.degoederaat.nl\/dir\/wp-json\/wp\/v2\/media?parent=61"}],"curies":[{"name":"wp","href":"https:\/\/api.w.org\/{rel}","templated":true}]}}