{"id":64,"date":"2015-03-11T11:12:39","date_gmt":"2015-03-11T11:12:39","guid":{"rendered":"http:\/\/www.degoederaat.nl\/dir\/?page_id=64"},"modified":"2017-12-08T08:55:51","modified_gmt":"2017-12-08T08:55:51","slug":"bemerkungen-uber-zucht","status":"publish","type":"page","link":"https:\/\/www.degoederaat.nl\/dir\/bemerkungen-uber-zucht\/","title":{"rendered":"Bemerkungen \u00fcber Zucht"},"content":{"rendered":"<p><strong>Bemerkungen \u00fcber Zucht<\/strong><\/p>\n<p>Gerne z\u00fcchte ich die heimische schwarze Biene. Jedoch ist es mir nicht nur zuveil\u00a0Arbeit um die sgn Reinrassigkeit mittels Fl\u00fcgelmessungen usw. fest zu stellen, sondern die ursprunglichen guten Eigenschaften der Rasse sind mir wichtiger.\u00a0 Au\u00dferdem habe ich noch n paar praktische Zuchtziele.<\/p>\n<p><strong>Zuchtziele:<\/strong><\/p>\n<p><strong>1 Nat\u00fcrliches Schwarmverhalten<\/strong>.\u00a0 Der Vorschwarm sollte mit alter K\u00f6nigin abkommen, vor den Nachschw\u00e4rmen. Das klingt normal, aber in der Praxis ist das oft nicht so. Es zeigt den Einfluss der Zucht auf schwarmtr\u00e4ge Bienen. Von V\u00f6lkern die so schw\u00e4rmen, werden keine K\u00f6niginnen nachgez\u00fcchtet.<\/p>\n<p><strong>2 Langlebige Bienen<\/strong>. Z\u00fcchten auf langlebigen Bienen geht in der Praxis nicht. Allerdings liegt es auf der Hand dass\u00a0die K\u00f6niginnen dann auch langlebig sein sollten. Darum werden K\u00f6niginnen angehalten auch als die \u00e4lter als zwei Jahre sind. Jahrzehntelang habe ich nicht an der Wert der Langlebigkeit der Bienen geglaubt, weil ich dachte, sie leben vermutlich nur l\u00e4nger weil sie weniger hart arbeiten. Allerdings habe ich in den letzten Jahren\u00a0manchmal mit relatif kleinen V\u00f6lkern gute ernten erzielt die ich nicht anders erkl\u00e4ren kann.<\/p>\n<p><strong>3 Besten Honig produzieren<\/strong>, statt unbedingt viel Honig. Darauf haben meine Honigkunden recht! Aber, wie kann ich z\u00fcchten auf Honigkwalit\u00e4t? Durch die Bienen ihren Honig zu belassen. Die Bienen werden auf ihren eigenen Heidehonig \u00fcberwintert. Falls sie den Honig nicht richtig verarbeitet haben, \u00fcberstehen sie den Winter nicht. So einfach ist es. Nach den Reinigungsausfl\u00fcgen stinkt es zwar nach Heidehonig auf dem Stand, die Bienen sind aber gesund.<\/p>\n<p><strong>4 Flugfestigkeit.<\/strong> Die schwarze Biene soll laut einer deutschen Untersuchung in den 90er Jahren, 4 fach weniger als die carnica- und 5 fach weniger als die buckfastbiene verfliegen und damit geht zB. die Kontamination mit Krankheiten oder eine Reinvasion von Varroen wesentlich langsamer. Ein Volk mit flugfesten Bienen soll doch auch eine flugfeste K\u00f6nigin haben? Darauf beruht die Auslese. Um diese Selektion durch zu f\u00fchren brauchen wir die Jungk\u00f6niginnen schon vor ihren Begattungsausfl\u00fcge zu zeichnen, damit wir, falls wir sie in einem anderen Volk vorfinden, sie von der weiteren Zucht ausschliessen\u00a0k\u00f6nnen. Der hier vorgeschlagenen Weg ist eine unbiologische Selektion, n\u00f6tig weil wir unbiologisch Bienen anbauen. In der Natur liegen die Wohnungen der Bienen etwa 750 meter auseinander. Dann verfliegt sich keine Biene.<\/p>\n<p><strong>5 Weisse Verdeckelung vom Scheibenhonig<\/strong> (Heidewabenhonig). Die weisse Verdeckelung ist nicht nur sch\u00f6n, bedeutet aber auch das es einen Luftpolster gibt, zwischen Honig und Wachsdeckel und das f\u00f6rdert eine gute Lagerung.<\/p>\n<figure id=\"attachment_92\" aria-describedby=\"caption-attachment-92\" style=\"width: 300px\" class=\"wp-caption alignright\"><a href=\"http:\/\/www.degoederaat.nl\/dir\/wp-content\/uploads\/2015\/03\/Scheibenhonig-korbimkerei.jpg\"><img loading=\"lazy\" decoding=\"async\" class=\"wp-image-92 size-medium\" title=\"Weisse Verdeckelung des reifen Scheibenhonigs im Aufsatz vom Hermannsburger Kanitzkorb\" src=\"http:\/\/www.degoederaat.nl\/dir\/wp-content\/uploads\/2015\/03\/Scheibenhonig-korbimkerei-300x225.jpg\" alt=\"Scheibenhonig,Kanitzkorb,Heidehonig\" width=\"300\" height=\"225\" srcset=\"https:\/\/www.degoederaat.nl\/dir\/wp-content\/uploads\/2015\/03\/Scheibenhonig-korbimkerei-300x225.jpg 300w, https:\/\/www.degoederaat.nl\/dir\/wp-content\/uploads\/2015\/03\/Scheibenhonig-korbimkerei-1024x768.jpg 1024w, https:\/\/www.degoederaat.nl\/dir\/wp-content\/uploads\/2015\/03\/Scheibenhonig-korbimkerei.jpg 1600w\" sizes=\"auto, (max-width: 300px) 100vw, 300px\" \/><\/a><figcaption id=\"caption-attachment-92\" class=\"wp-caption-text\">Weisse Verdeckelung von Heidescheibenhonig<\/figcaption><\/figure>\n<p>Einige Gelbverfarbungen sind nicht schlimm, deuten meist nur darauf hin das die Tracht einige Zeit weniger ausgiebig\u00a0gewesen ist. V\u00f6lker aber mit nassem Verdeckelung sind von der Zucht aus zu schliessen.<\/p>\n<p><strong>6 Normal erw\u00fcnschtes Abwehrverhalten<\/strong>. Damit meine ich dass die Bienen nicht\u00a0so auf \u00a0Sanftmutigkeit durchselektiert sind, dass sie sich verweigern einen eingedrungenen Maus abzustechen oder dass sie keine richtige Fluglochwache mehr haben sodasss R\u00e4uberbienen die K\u00f6rbe leer machen und gleichzeitig ihre Krankheiten verbreiten k\u00f6nnen.\u00a0 Anderseits d\u00fcrfen\u00a0 die Bienen kein proaktives Abwehrverhalten haben, in dem Sinne, dass sie Fussg\u00e4nger in der Umgebung der Bienenstand unangek\u00fcndigt angreifen. Sozummengefasst: normal defensif sei erw\u00fcnscht, agressif sei unerw\u00fcnscht. Ich weiss nicht so richtig wie ich hier systematisch auf z\u00fcchten kann. Falls einem Volk in dieser Hinsicht, negatif<\/p>\n<figure id=\"attachment_394\" aria-describedby=\"caption-attachment-394\" style=\"width: 300px\" class=\"wp-caption alignleft\"><a href=\"http:\/\/www.degoederaat.nl\/dir\/wp-content\/uploads\/2015\/03\/Sanftm\u00fctige-Korbbienen-aber-stechen-k\u00f6nnen-alle-Bienen-auch-die-Sanftm\u00fctigste.jpg\"><img loading=\"lazy\" decoding=\"async\" class=\"wp-image-394 size-medium\" title=\"Auch Bienen die in Bienenk\u00f6rben leben, k\u00f6nnen stechen\" src=\"http:\/\/www.degoederaat.nl\/dir\/wp-content\/uploads\/2015\/03\/Sanftm\u00fctige-Korbbienen-aber-stechen-k\u00f6nnen-alle-Bienen-auch-die-Sanftm\u00fctigste-300x254.jpg\" alt=\"Bienenstich von einem Korbbienenvolk\" width=\"300\" height=\"254\" srcset=\"https:\/\/www.degoederaat.nl\/dir\/wp-content\/uploads\/2015\/03\/Sanftm\u00fctige-Korbbienen-aber-stechen-k\u00f6nnen-alle-Bienen-auch-die-Sanftm\u00fctigste-300x254.jpg 300w, https:\/\/www.degoederaat.nl\/dir\/wp-content\/uploads\/2015\/03\/Sanftm\u00fctige-Korbbienen-aber-stechen-k\u00f6nnen-alle-Bienen-auch-die-Sanftm\u00fctigste.jpg 906w\" sizes=\"auto, (max-width: 300px) 100vw, 300px\" \/><\/a><figcaption id=\"caption-attachment-394\" class=\"wp-caption-text\">Wer unbedingt mit seinem motorisierten Rasenm\u00e4her unter den K\u00f6rben m\u00e4hen will, muss sich nicht wundern als normale sanftm\u00fctigen Bienen einen Stich abgeben<\/figcaption><\/figure>\n<p>auff\u00e4lt, wird dass Volk von der Zucht ausgeschlossen, in extrem Fall abgeschwefelt, dass letzte Mal war vor 20 Jahr. Wichtig ist\u00a0agressives Verhalten so gut wie m\u00f6glich zu erkl\u00e4ren weil in weitaus den meisten F\u00e4lle, Agression ausgel\u00f6st wird von Umgebungsfaktoren, wie Krankheiten, Stress, Weiselunrichtigkeit, ungeeignete\u00a0Wohnungen, ungeeignete Mittelw\u00e4nde, Trachtmangel, Wassermangel,\u00a0\u00a0ungeeignete Standorte oder das Volk hat zwar eine neue K\u00f6nigin aber es hat sich noch kein einheitliches neues Volk daraus gebildet weil noch zuviel Kinder der vorherigen alten K\u00f6nigin anwesend sind. \u00a0Usw usm.<\/p>\n<p>Wie gesagt ich liebe die alte heimische schwarze Biene, aber f\u00fchle mich bei der Zucht mehr angezogen von den Prinzipien der Basiszucht. Daher bin ich Mitglied in der Union der Basisz\u00fcchter, mehr Informationen \u00fcber die Basiszucht finden sie unter <a href=\"http:\/\/www.basiszuechter.de\/index.htm\" target=\"_blank\" rel=\"noopener\">http:\/\/www.basiszuechter.de\/index.htm<\/a><\/p>\n<p>weiter zu <a href=\"http:\/\/www.degoederaat.nl\/dir\/die-arbeit-im-jahreslauf\/\">Die Arbeit im Jahreslauf<\/a><\/p>\n","protected":false},"excerpt":{"rendered":"<p>Bemerkungen \u00fcber Zucht Gerne z\u00fcchte ich die heimische schwarze Biene. Jedoch ist es mir nicht nur zuveil\u00a0Arbeit um die sgn Reinrassigkeit mittels Fl\u00fcgelmessungen usw. fest zu stellen, sondern die ursprunglichen guten Eigenschaften der Rasse sind mir wichtiger.\u00a0 Au\u00dferdem habe ich noch n paar praktische Zuchtziele. Zuchtziele: 1 Nat\u00fcrliches Schwarmverhalten.\u00a0 Der Vorschwarm sollte mit alter K\u00f6nigin &hellip; <a href=\"https:\/\/www.degoederaat.nl\/dir\/bemerkungen-uber-zucht\/\" class=\"more-link\">Verder lezen <span class=\"screen-reader-text\">Bemerkungen \u00fcber Zucht<\/span><\/a><\/p>\n","protected":false},"author":1,"featured_media":0,"parent":0,"menu_order":0,"comment_status":"closed","ping_status":"closed","template":"","meta":{"footnotes":""},"class_list":["post-64","page","type-page","status-publish","hentry"],"aioseo_notices":[],"_links":{"self":[{"href":"https:\/\/www.degoederaat.nl\/dir\/wp-json\/wp\/v2\/pages\/64","targetHints":{"allow":["GET"]}}],"collection":[{"href":"https:\/\/www.degoederaat.nl\/dir\/wp-json\/wp\/v2\/pages"}],"about":[{"href":"https:\/\/www.degoederaat.nl\/dir\/wp-json\/wp\/v2\/types\/page"}],"author":[{"embeddable":true,"href":"https:\/\/www.degoederaat.nl\/dir\/wp-json\/wp\/v2\/users\/1"}],"replies":[{"embeddable":true,"href":"https:\/\/www.degoederaat.nl\/dir\/wp-json\/wp\/v2\/comments?post=64"}],"version-history":[{"count":25,"href":"https:\/\/www.degoederaat.nl\/dir\/wp-json\/wp\/v2\/pages\/64\/revisions"}],"predecessor-version":[{"id":823,"href":"https:\/\/www.degoederaat.nl\/dir\/wp-json\/wp\/v2\/pages\/64\/revisions\/823"}],"wp:attachment":[{"href":"https:\/\/www.degoederaat.nl\/dir\/wp-json\/wp\/v2\/media?parent=64"}],"curies":[{"name":"wp","href":"https:\/\/api.w.org\/{rel}","templated":true}]}}