{"id":815,"date":"2017-11-14T19:03:38","date_gmt":"2017-11-14T19:03:38","guid":{"rendered":"http:\/\/www.degoederaat.nl\/dir\/?page_id=815"},"modified":"2023-12-16T22:02:04","modified_gmt":"2023-12-16T22:02:04","slug":"kurs-korbbinden","status":"publish","type":"page","link":"https:\/\/www.degoederaat.nl\/dir\/kurs-korbbinden\/","title":{"rendered":"Korbbindekurse"},"content":{"rendered":"<figure id=\"attachment_271\" aria-describedby=\"caption-attachment-271\" style=\"width: 300px\" class=\"wp-caption alignright\"><a href=\"http:\/\/www.degoederaat.nl\/dir\/wp-content\/uploads\/2015\/03\/Na-een-storm-is-het-makkelijk-boomwortels-verzamelen.jpg\"><img loading=\"lazy\" decoding=\"async\" class=\"wp-image-271 size-medium\" src=\"http:\/\/www.degoederaat.nl\/dir\/wp-content\/uploads\/2015\/03\/Na-een-storm-is-het-makkelijk-boomwortels-verzamelen-300x225.jpg\" alt=\"\" width=\"300\" height=\"225\" srcset=\"https:\/\/www.degoederaat.nl\/dir\/wp-content\/uploads\/2015\/03\/Na-een-storm-is-het-makkelijk-boomwortels-verzamelen-300x225.jpg 300w, https:\/\/www.degoederaat.nl\/dir\/wp-content\/uploads\/2015\/03\/Na-een-storm-is-het-makkelijk-boomwortels-verzamelen.jpg 448w\" sizes=\"auto, (max-width: 300px) 100vw, 300px\" \/><\/a><figcaption id=\"caption-attachment-271\" class=\"wp-caption-text\">Hier kann man leicht Wurzeln zum Korbflechten sammeln<\/figcaption><\/figure>\n<p>Im Weidenzentrum Wurster Nordseek\u00fcste, zwischen Bremerhaven und Cuxhaven, gibt es in November 2024 wieder 1 Kurs zum Flechten von L\u00fcneburger St\u00fclpern, sowie ich die hier in meinem Betrieb benutze. F\u00fcr n\u00e4here Ausk\u00fcnfte und Anmeldungen kiek mal auf: <a href=\"https:\/\/www.weidenzentrum.de\/flechthandwerk\/bienenk%C3%B6rbe\/\">https:\/\/www.weidenzentrum.de\/<\/a><a href=\"https:\/\/www.weidenzentrum.de\/flechthandwerk\/bienenk%C3%B6rbe\/\">flechthandwerk\/bienenk%C3%B6rbe\/<\/a><\/p>\n<p>Am 9. bis 11 Februar 2024 findet in Trebbin Ortsteil Blankensee, im Naturpark Zentrum Glauer Tal n Flechtkurs statt, sowie am selben Ort am den 1. bis 3. M\u00e4rz. F\u00fcr Anmeldungen: Frank Schelb Telefon 015234132045. F\u00fcr (Kurs)inhaltliche Fragen bei mir : 0031630201117<\/p>\n<p><a style=\"font-weight: bold; background-color: transparent; font-family: 'Noto Sans', sans-serif; text-align: inherit; display: inline !important;\" href=\"http:\/\/www.degoederaat.nl\/dir\/wp-content\/uploads\/2015\/03\/Der-Anfang-einer-hermannsburger-Kanitzkorb.jpg\"><img loading=\"lazy\" decoding=\"async\" class=\"size-medium wp-image-245\" src=\"http:\/\/www.degoederaat.nl\/dir\/wp-content\/uploads\/2015\/03\/Der-Anfang-einer-hermannsburger-Kanitzkorb-300x225.jpg\" alt=\"Der Anfang vom hermannsburger Kanitzkorb, geliebtes Model der Heideimkerei\" width=\"300\" height=\"225\" srcset=\"https:\/\/www.degoederaat.nl\/dir\/wp-content\/uploads\/2015\/03\/Der-Anfang-einer-hermannsburger-Kanitzkorb-300x225.jpg 300w, https:\/\/www.degoederaat.nl\/dir\/wp-content\/uploads\/2015\/03\/Der-Anfang-einer-hermannsburger-Kanitzkorb.jpg 448w\" sizes=\"auto, (max-width: 300px) 100vw, 300px\" \/><\/a><\/p>\n<p>Der Anfang von einem hermannsburger Kanitzkorb<\/p>\n<p>Die keine runde- aber eine viereckige Korb flechten m\u00f6chten, das kann auch gelernt werden. Mit \u00fcber 400 eckige K\u00f6rbe muss ich fast t\u00e4glich mit diesen K\u00f6rben arbeiten.<\/p>\n<p>Im Winterhalbjahr kann ich ggf. auch bei Ihnen zu Hause oder im Verein einen kleinen oder umfangreicheren Flechtkurs geben. Viel ist m\u00f6glich.\u00a0 F\u00fcr Anmeldung und Auskunft sehe <a href=\"http:\/\/www.degoederaat.nl\/dir\/contact\/\">Contact <\/a><\/p>\n<figure id=\"attachment_274\" aria-describedby=\"caption-attachment-274\" style=\"width: 302px\" class=\"wp-caption alignright\"><a href=\"http:\/\/www.degoederaat.nl\/dir\/wp-content\/uploads\/2015\/03\/Korbflechtkurs-nicht-nur-f\u00fcr-Imker.jpg\"><img loading=\"lazy\" decoding=\"async\" class=\" wp-image-274\" src=\"http:\/\/www.degoederaat.nl\/dir\/wp-content\/uploads\/2015\/03\/Korbflechtkurs-nicht-nur-f\u00fcr-Imker-300x176.jpg\" alt=\"BIenenkorb flechtkurs f\u00fcr Imker\" width=\"302\" height=\"177\" srcset=\"https:\/\/www.degoederaat.nl\/dir\/wp-content\/uploads\/2015\/03\/Korbflechtkurs-nicht-nur-f\u00fcr-Imker-300x176.jpg 300w, https:\/\/www.degoederaat.nl\/dir\/wp-content\/uploads\/2015\/03\/Korbflechtkurs-nicht-nur-f\u00fcr-Imker.jpg 448w\" sizes=\"auto, (max-width: 302px) 100vw, 302px\" \/><\/a><figcaption id=\"caption-attachment-274\" class=\"wp-caption-text\">Der neu angefangene Bienenkorb ist gleich n\u00fctzlich<\/figcaption><\/figure>\n\n\n<p>Letzte Bearbeitung 16 Dezember 2023<\/p>\n","protected":false},"excerpt":{"rendered":"<p>Im Weidenzentrum Wurster Nordseek\u00fcste, zwischen Bremerhaven und Cuxhaven, gibt es in November 2024 wieder 1 Kurs zum Flechten von L\u00fcneburger St\u00fclpern, sowie ich die hier in meinem Betrieb benutze. F\u00fcr n\u00e4here Ausk\u00fcnfte und Anmeldungen kiek mal auf: https:\/\/www.weidenzentrum.de\/flechthandwerk\/bienenk%C3%B6rbe\/ Am 9. bis 11 Februar 2024 findet in Trebbin Ortsteil Blankensee, im Naturpark Zentrum Glauer Tal n &hellip; <a href=\"https:\/\/www.degoederaat.nl\/dir\/kurs-korbbinden\/\" class=\"more-link\">Verder lezen <span class=\"screen-reader-text\">Korbbindekurse<\/span><\/a><\/p>\n","protected":false},"author":1,"featured_media":0,"parent":0,"menu_order":0,"comment_status":"closed","ping_status":"closed","template":"","meta":{"footnotes":""},"class_list":["post-815","page","type-page","status-publish","hentry"],"aioseo_notices":[],"_links":{"self":[{"href":"https:\/\/www.degoederaat.nl\/dir\/wp-json\/wp\/v2\/pages\/815","targetHints":{"allow":["GET"]}}],"collection":[{"href":"https:\/\/www.degoederaat.nl\/dir\/wp-json\/wp\/v2\/pages"}],"about":[{"href":"https:\/\/www.degoederaat.nl\/dir\/wp-json\/wp\/v2\/types\/page"}],"author":[{"embeddable":true,"href":"https:\/\/www.degoederaat.nl\/dir\/wp-json\/wp\/v2\/users\/1"}],"replies":[{"embeddable":true,"href":"https:\/\/www.degoederaat.nl\/dir\/wp-json\/wp\/v2\/comments?post=815"}],"version-history":[{"count":22,"href":"https:\/\/www.degoederaat.nl\/dir\/wp-json\/wp\/v2\/pages\/815\/revisions"}],"predecessor-version":[{"id":1084,"href":"https:\/\/www.degoederaat.nl\/dir\/wp-json\/wp\/v2\/pages\/815\/revisions\/1084"}],"wp:attachment":[{"href":"https:\/\/www.degoederaat.nl\/dir\/wp-json\/wp\/v2\/media?parent=815"}],"curies":[{"name":"wp","href":"https:\/\/api.w.org\/{rel}","templated":true}]}}